{"id":924,"date":"2013-08-02T21:48:46","date_gmt":"2013-08-02T18:48:46","guid":{"rendered":"https:\/\/web.entra.ee\/?page_id=924"},"modified":"2018-12-12T11:39:28","modified_gmt":"2018-12-12T09:39:28","slug":"interpart-jcb","status":"publish","type":"page","link":"https:\/\/web.entra.ee\/lv\/interpart-jcb\/","title":{"rendered":"INTERPART &#8211; JCB"},"content":{"rendered":"<p style=\"text-align: center;\"><a href=\"https:\/\/web.entra.ee\/wp-content\/uploads\/2013\/08\/digger-home.png\"><img decoding=\"async\" loading=\"lazy\" class=\"aligncenter size-full wp-image-668 noborder\" alt=\"digger-home\" src=\"https:\/\/web.entra.ee\/wp-content\/uploads\/2013\/08\/digger-home.png\" width=\"602\" height=\"353\" \/><\/a><\/p>\n<p style=\"text-align: center;\">Kop\u0161 2001. gada ENTRA GROUP ir ofici\u0101lais INTERPART izplat\u012bt\u0101js Baltijas valst\u012bs.<br \/>\nKomp\u0101nija INTERPART ir dibin\u0101ta Anglij\u0101, Man\u010dester\u0101, 1975. gad\u0101. Komp\u0101nijas m\u0113r\u0137is \u2013 pieg\u0101d\u0101t augstas kvalit\u0101tes alternat\u012bv\u0101s rezerves da\u013cas JCB tehnikai. Vis\u0101m pareizi uzst\u0101d\u012bt\u0101m rezerves da\u013c\u0101m tiek dota 6 m\u0113ne\u0161u garantija.<br \/>\nENTRA GROUP Tallinas noliktav\u0101 uz vietas pieejamas visas bie\u017e\u0101k nepiecie\u0161am\u0101s rezerves da\u013cas J\u016bsu JCB. Vienas darba dienas laik\u0101 t\u0101s atved\u012bsim l\u012bdz R\u012bgai!<\/p>\n<p style=\"text-align: left;\">Lai pas\u016bt\u012btu JCB rezerves da\u013cas, raksti vai zvani : <a href=\"mailto:jcb@entra.ee\">jcb@entralatvija.lv<\/a> ,\u00a0+372 6443345<br \/>\n<a title=\"JCB parts list\" href=\"http:\/\/www.entra.ee\/files\/JCBparts.csv\" target=\"_blank\">JCB rezerves da\u013cu saraksts pieejams \u0160EIT.<\/a><\/p>\n<p style=\"text-align: left;\"><a href=\"https:\/\/web.entra.ee\/wp-content\/uploads\/2013\/08\/Interpart_Approved-Dealer-Logo_small2.png\"><img decoding=\"async\" loading=\"lazy\" class=\"alignright size-full wp-image-1288 noborder\" alt=\"Interpart_Approved Dealer Logo_small\" src=\"https:\/\/web.entra.ee\/wp-content\/uploads\/2013\/08\/Interpart_Approved-Dealer-Logo_small2.png\" width=\"319\" height=\"64\" \/><\/a><\/p>\n<p style=\"text-align: left;\"><a href=\"https:\/\/web.entra.ee\/wp-content\/uploads\/2013\/08\/header07.jpg\"><img decoding=\"async\" loading=\"lazy\" class=\"aligncenter size-full wp-image-669 noborder\" alt=\"header07\" src=\"https:\/\/web.entra.ee\/wp-content\/uploads\/2013\/08\/header07.jpg\" width=\"910\" height=\"283\" \/><\/a><\/p>\n","protected":false},"excerpt":{"rendered":"<p>Kop\u0161 2001. gada ENTRA GROUP ir ofici\u0101lais INTERPART izplat\u012bt\u0101js Baltijas valst\u012bs. Komp\u0101nija INTERPART ir dibin\u0101ta Anglij\u0101, Man\u010dester\u0101, 1975. gad\u0101. Komp\u0101nijas m\u0113r\u0137is \u2013 pieg\u0101d\u0101t augstas kvalit\u0101tes alternat\u012bv\u0101s rezerves da\u013cas JCB tehnikai. Vis\u0101m pareizi uzst\u0101d\u012bt\u0101m rezerves da\u013c\u0101m tiek dota 6 m\u0113ne\u0161u garantija. ENTRA GROUP Tallinas noliktav\u0101 uz vietas pieejamas visas bie\u017e\u0101k nepiecie\u0161am\u0101s rezerves da\u013cas J\u016bsu JCB. Vienas darba dienas laik\u0101 t\u0101s atved\u012bsim l\u012bdz R\u012bgai! Lai pas\u016bt\u012btu JCB rezerves da\u013cas, raksti vai zvani : jcb@entralatvija.lv ,\u00a0+372 6443345 JCB rezerves da\u013cu saraksts pieejams \u0160EIT.<\/p>\n","protected":false},"author":1,"featured_media":0,"parent":0,"menu_order":0,"comment_status":"closed","ping_status":"closed","template":"","meta":[],"acf":[],"_links":{"self":[{"href":"https:\/\/web.entra.ee\/lv\/wp-json\/wp\/v2\/pages\/924"}],"collection":[{"href":"https:\/\/web.entra.ee\/lv\/wp-json\/wp\/v2\/pages"}],"about":[{"href":"https:\/\/web.entra.ee\/lv\/wp-json\/wp\/v2\/types\/page"}],"author":[{"embeddable":true,"href":"https:\/\/web.entra.ee\/lv\/wp-json\/wp\/v2\/users\/1"}],"replies":[{"embeddable":true,"href":"https:\/\/web.entra.ee\/lv\/wp-json\/wp\/v2\/comments?post=924"}],"version-history":[{"count":10,"href":"https:\/\/web.entra.ee\/lv\/wp-json\/wp\/v2\/pages\/924\/revisions"}],"predecessor-version":[{"id":1292,"href":"https:\/\/web.entra.ee\/lv\/wp-json\/wp\/v2\/pages\/924\/revisions\/1292"}],"wp:attachment":[{"href":"https:\/\/web.entra.ee\/lv\/wp-json\/wp\/v2\/media?parent=924"}],"curies":[{"name":"wp","href":"https:\/\/api.w.org\/{rel}","templated":true}]}}