{"id":920,"date":"2013-06-05T15:20:51","date_gmt":"2013-06-05T12:20:51","guid":{"rendered":"https:\/\/web.entra.ee\/?page_id=920"},"modified":"2014-01-19T16:35:51","modified_gmt":"2014-01-19T14:35:51","slug":"dana-spicer-2","status":"publish","type":"page","link":"https:\/\/web.entra.ee\/lv\/dana-spicer-2\/","title":{"rendered":"DANA-SPICER"},"content":{"rendered":"<p><a href=\"https:\/\/web.entra.ee\/wp-content\/uploads\/2013\/06\/DANA1.png\"><img decoding=\"async\" loading=\"lazy\" class=\"aligncenter size-full wp-image-595\" alt=\"DANA\" src=\"https:\/\/web.entra.ee\/wp-content\/uploads\/2013\/06\/DANA1.png\" width=\"1127\" height=\"241\" \/><\/a><\/p>\n<h2>Akciju sabiedr\u012bba Dana Holding<\/h2>\n<div>\n<p>Ma\u0161\u012bnb\u016bve \u2013 glob\u0101lais tehnolo\u0123iju l\u012bderis \u2013 m\u016bsdien\u0101s ir pa\u0161saprotama lieta, ta\u010du vair\u0101k k\u0101 gadsimtu atpaka\u013c doma, ka transporta l\u012bdzekli uz priek\u0161u velk nevis zirgi, bet dzen motors, \u0161\u0137ita visnota\u013c d\u012bvaina. Ta\u010du, pateicoties spo\u017eiem izgudrot\u0101jiem un risk\u0113t gataviem uz\u0146\u0113m\u0113jiem, kuri tic\u0113ja \u0161\u012bs idejas potenci\u0101lam, ma\u0161\u012bnb\u016bve guva pan\u0101kumus un dzina uz priek\u0161u visu r\u016bpniec\u012bbas nozari.<\/p>\n<p>\u0160o pionieru vid\u016b bija Dana Holding dibin\u0101t\u0101ji \u2013 Klarens Spaisers (Clarence Spicer), D\u017eozefs Viktors (Joseph Victor), Hugo Reincs (Hugo Reinz), J.B. Longs (J.B. Long) un \u010c\u0101rlzs Dana (Charles Dana). Vi\u0146u iniciat\u012bva un atjaut\u012bba ir dzinulis ar\u012b m\u016bsdienu uz\u0146\u0113mumam Dana Holding, pildot savu misiju \u2013 nojaust un paredz\u0113t klientu vajadz\u012bbas un nodro\u0161in\u0101t vi\u0146iem inovat\u012bvus risin\u0101jumus.<\/p>\n<p><strong>ENTRA GROUP<\/strong> ir DANA-SPICER ofici\u0101lais izplat\u012bt\u0101js kop\u0161 2011. gada. M\u016bsu noliktavas kr\u0101jumos ir viss bie\u017e\u0101k piepras\u012btais DANA-SPICER rezerves da\u013cu kl\u0101sts.<\/p>\n<p><a href=\"http:\/\/www.entra.ee\/files\/DANAparts.csv\" target=\"_blank\">DANA-SPICER\u00a0rezerves da\u013cu saraksts pieejams \u0160EIT.<\/a><\/p>\n<p>Lai pas\u016bt\u012btu\u00a0DANA-SPICER rezerves da\u013cas, raksti vai zvani : <a href=\"mailto:jcb@entra.ee\">dana@entralatvija.lv<\/a> ,\u00a0+371 67455035\u00a0; +371 20661575<\/p>\n<\/div>\n","protected":false},"excerpt":{"rendered":"<p>Akciju sabiedr\u012bba Dana Holding Ma\u0161\u012bnb\u016bve \u2013 glob\u0101lais tehnolo\u0123iju l\u012bderis \u2013 m\u016bsdien\u0101s ir pa\u0161saprotama lieta, ta\u010du vair\u0101k k\u0101 gadsimtu atpaka\u013c doma, ka transporta l\u012bdzekli uz priek\u0161u velk nevis zirgi, bet dzen motors, \u0161\u0137ita visnota\u013c d\u012bvaina. Ta\u010du, pateicoties spo\u017eiem izgudrot\u0101jiem un risk\u0113t gataviem uz\u0146\u0113m\u0113jiem, kuri tic\u0113ja \u0161\u012bs idejas potenci\u0101lam, ma\u0161\u012bnb\u016bve guva pan\u0101kumus un dzina uz priek\u0161u visu r\u016bpniec\u012bbas nozari. \u0160o pionieru vid\u016b bija Dana Holding dibin\u0101t\u0101ji \u2013 Klarens Spaisers (Clarence Spicer), D\u017eozefs Viktors (Joseph Victor), Hugo Reincs (Hugo Reinz), J.B. Longs (J.B&#8230;.<\/p>\n<p><a href=\"https:\/\/web.entra.ee\/lv\/dana-spicer-2\/\" class=\"more-link\">Turpin\u0101t las\u012bt<\/a><\/p>\n","protected":false},"author":1,"featured_media":0,"parent":0,"menu_order":0,"comment_status":"closed","ping_status":"closed","template":"","meta":[],"acf":[],"_links":{"self":[{"href":"https:\/\/web.entra.ee\/lv\/wp-json\/wp\/v2\/pages\/920"}],"collection":[{"href":"https:\/\/web.entra.ee\/lv\/wp-json\/wp\/v2\/pages"}],"about":[{"href":"https:\/\/web.entra.ee\/lv\/wp-json\/wp\/v2\/types\/page"}],"author":[{"embeddable":true,"href":"https:\/\/web.entra.ee\/lv\/wp-json\/wp\/v2\/users\/1"}],"replies":[{"embeddable":true,"href":"https:\/\/web.entra.ee\/lv\/wp-json\/wp\/v2\/comments?post=920"}],"version-history":[{"count":2,"href":"https:\/\/web.entra.ee\/lv\/wp-json\/wp\/v2\/pages\/920\/revisions"}],"predecessor-version":[{"id":938,"href":"https:\/\/web.entra.ee\/lv\/wp-json\/wp\/v2\/pages\/920\/revisions\/938"}],"wp:attachment":[{"href":"https:\/\/web.entra.ee\/lv\/wp-json\/wp\/v2\/media?parent=920"}],"curies":[{"name":"wp","href":"https:\/\/api.w.org\/{rel}","templated":true}]}}