{"id":912,"date":"2013-06-04T13:14:50","date_gmt":"2013-06-04T10:14:50","guid":{"rendered":"https:\/\/web.entra.ee\/?page_id=912"},"modified":"2015-03-09T16:56:49","modified_gmt":"2015-03-09T14:56:49","slug":"carraro-4","status":"publish","type":"page","link":"https:\/\/web.entra.ee\/lv\/carraro-4\/","title":{"rendered":"CARRARO"},"content":{"rendered":"<p style=\"text-align: center;\">\u00a0CARRARO grupa ir starptautisks uz\u0146\u0113mums, kas virza pasauli augsti efekt\u012bvu, dabai draudz\u012bgu sp\u0113ka p\u0101rvadu sist\u0113mu ra\u017eo\u0161an\u0101. R\u016bpn\u012bcas atrodas It\u0101lij\u0101, Indij\u0101, Argent\u012bn\u0101, \u0136\u012bn\u0101, V\u0101cij\u0101 un ASV.<\/p>\n<p>ENTRA GROUP ir CARRARO DRIVETECH ofici\u0101lais izplat\u012bt\u0101js Igaunij\u0101, Latvij\u0101, Lietuv\u0101 un Krievij\u0101 kop\u0161 2004. gada. Mums ir liela pieredze darb\u0101 ar CARRARO produktiem, un m\u0113s esam gatavi Jums operat\u012bvi pal\u012bdz\u0113t. ENTRA GROUP centr\u0101l\u0101 noliktava atrodas Tallin\u0101, un t\u0101 ir viena no liel\u0101kaj\u0101m Eirop\u0101. M\u016bsu darbinieki ir izg\u0101ju\u0161i nepiecie\u0161am\u0101s apm\u0101c\u012bbas CARRARO r\u016bpn\u012bc\u0101s. M\u016bsu eso\u0161ie klienti ir augsti nov\u0113rt\u0113ju\u0161i m\u016bsu komp\u0101nijas pied\u0101v\u0101to servisu un iesaka to ar\u012b Jums!<\/p>\n<p><a title=\"CARRARO parts\" href=\"http:\/\/www.entra.ee\/files\/CARRparts.csv\" target=\"_blank\">CARRARO deta\u013cu saraksts ir atrodams \u0161eit.<\/a><\/p>\n<p style=\"text-align: center;\">Pla\u0161\u0101ka inform\u0101cija pieejama <a title=\"CARRARO BALTIC\" href=\"http:\/\/www.carraro.ee\/index\" target=\"_blank\">HERE<\/a>.<\/p>\n<p>Lai pas\u016bt\u012btu\u00a0CARRARO rezerves da\u013cas, raksti vai zvani : <a href=\"mailto:jcb@entra.ee\">carraro@entralatvija.lv<\/a> ,\u00a0+372 6443345<br \/>\n<a href=\"https:\/\/web.entra.ee\/wp-content\/uploads\/2013\/06\/targa-SP-entra-2.png\"><img decoding=\"async\" loading=\"lazy\" class=\"aligncenter size-full wp-image-760 noborder\" alt=\"targa-SP-entra 2\" src=\"https:\/\/web.entra.ee\/wp-content\/uploads\/2013\/06\/targa-SP-entra-2.png\" width=\"600\" height=\"158\" \/><\/a><\/p>\n","protected":false},"excerpt":{"rendered":"<p>\u00a0CARRARO grupa ir starptautisks uz\u0146\u0113mums, kas virza pasauli augsti efekt\u012bvu, dabai draudz\u012bgu sp\u0113ka p\u0101rvadu sist\u0113mu ra\u017eo\u0161an\u0101. R\u016bpn\u012bcas atrodas It\u0101lij\u0101, Indij\u0101, Argent\u012bn\u0101, \u0136\u012bn\u0101, V\u0101cij\u0101 un ASV. ENTRA GROUP ir CARRARO DRIVETECH ofici\u0101lais izplat\u012bt\u0101js Igaunij\u0101, Latvij\u0101, Lietuv\u0101 un Krievij\u0101 kop\u0161 2004. gada. Mums ir liela pieredze darb\u0101 ar CARRARO produktiem, un m\u0113s esam gatavi Jums operat\u012bvi pal\u012bdz\u0113t. ENTRA GROUP centr\u0101l\u0101 noliktava atrodas Tallin\u0101, un t\u0101 ir viena no liel\u0101kaj\u0101m Eirop\u0101. M\u016bsu darbinieki ir izg\u0101ju\u0161i nepiecie\u0161am\u0101s apm\u0101c\u012bbas CARRARO r\u016bpn\u012bc\u0101s. M\u016bsu eso\u0161ie klienti ir&#8230;<\/p>\n<p><a href=\"https:\/\/web.entra.ee\/lv\/carraro-4\/\" class=\"more-link\">Turpin\u0101t las\u012bt<\/a><\/p>\n","protected":false},"author":1,"featured_media":0,"parent":0,"menu_order":0,"comment_status":"closed","ping_status":"closed","template":"","meta":[],"acf":[],"_links":{"self":[{"href":"https:\/\/web.entra.ee\/lv\/wp-json\/wp\/v2\/pages\/912"}],"collection":[{"href":"https:\/\/web.entra.ee\/lv\/wp-json\/wp\/v2\/pages"}],"about":[{"href":"https:\/\/web.entra.ee\/lv\/wp-json\/wp\/v2\/types\/page"}],"author":[{"embeddable":true,"href":"https:\/\/web.entra.ee\/lv\/wp-json\/wp\/v2\/users\/1"}],"replies":[{"embeddable":true,"href":"https:\/\/web.entra.ee\/lv\/wp-json\/wp\/v2\/comments?post=912"}],"version-history":[{"count":7,"href":"https:\/\/web.entra.ee\/lv\/wp-json\/wp\/v2\/pages\/912\/revisions"}],"predecessor-version":[{"id":1129,"href":"https:\/\/web.entra.ee\/lv\/wp-json\/wp\/v2\/pages\/912\/revisions\/1129"}],"wp:attachment":[{"href":"https:\/\/web.entra.ee\/lv\/wp-json\/wp\/v2\/media?parent=912"}],"curies":[{"name":"wp","href":"https:\/\/api.w.org\/{rel}","templated":true}]}}