{"id":512,"date":"2013-06-04T13:14:50","date_gmt":"2013-06-04T10:14:50","guid":{"rendered":"https:\/\/web.entra.ee\/?page_id=512"},"modified":"2015-03-10T09:46:58","modified_gmt":"2015-03-10T07:46:58","slug":"carraro-4","status":"publish","type":"page","link":"https:\/\/web.entra.ee\/et\/carraro-4\/","title":{"rendered":"CARRARO"},"content":{"rendered":"<p style=\"text-align: center;\">CARRARO on rahvusvaheline kontsern, mis on <strong>juhtiv k\u00f5rgtehnoloogiliste ja keskkonnas\u00e4\u00e4stlike \u00fclekandes\u00fcsteemide tootja<\/strong>. CARRARO\u00a0 tootmisettev\u00f5tted asuvad Itaalias, Indias, Argentiinas, Hiinas, Saksamaal ja Ameerika \u00dchendriikides.<\/p>\n<p style=\"text-align: center;\">ENTRA GRUPP on CARRARO DRIVETECH ametlik edasim\u00fc\u00fcja alates 2004. aastast. Meie tegutsemispiirkonnaks on Eesti, L\u00e4ti, Leedu, Valgevene ja Venemaa. Meil on CARRARO toodanguga pikaajaline\u00a0 t\u00f6\u00f6kogemus, oleme kiired ja paindlikud. Pealadu asub Tallinnas, mis on \u00fcks suurimaid ELis. Meie t\u00f6\u00f6tajad on saanud v\u00e4lja\u00f5ppe CARRARO tehases. Meie kliendid hindavad k\u00f5rgetasemelist teenindust, mida pakub meie firma.<\/p>\n<p style=\"text-align: center;\">CARRARO toodangut kasutatakse j\u00e4rgmistel masinatel :<\/p>\n<p style=\"text-align: left;\">Ace Construction, Agco, Agrale, Ahlmann, Aljon, Amkodor, Ashok Leyland, Astec, Atlas Copco, Ausa, Bell, Benco, Bergmann, Bobcat, Bomag, Bucher, Bull, Carraro, Case, Caterpillar, Cesab, Chanfa, Changlin, Chenggong, Claas, Crown, Cukurova, Daewoo, Deutz Fahr, Dexheimer, Dieci, Ditch, Witch, Doosan, Eagle Tugs, Erkunt, Escorts, Exmach, Faresin, Farmer, Fendt, Foton, Gehl, General Electric, Getman Gvm, Harlo, Hefei Zhenyu, Hidromek, Hydrema, Hyster, Jcb, Jlg, John Deere, Jong Yang, Jungheinrich, Kalmar, Kamol, Kion, Kipor, Komatsu, Kramer Allrad, Krieger, Kukje Machinery, Lamborghini, Landini, Laverda, Liftking, Lindner, Liugong, Load Lifter, Mahindra, Manitou, Marine Travelift, Massey Ferguson, Maximal, Maz-Man, Mccormick, Minecat, Monroe Truck, Mst (Sanko), Nacco, New Holland, Nissan Forklift, O&amp;K, Omega Lift, Overland Custom Coach, Palazzani, Pettibone, Piaggio, Randon, Renault Agriculture, Roadtec, Roter Italy, Sakai, Same, Sany, Scam, Sellick, Shantui, Skyjack, Still, Sunward, Tafe, Takeuchi, Tatoma, Tcm, Terex, Thyssen Krupp, Tumosan, Valley Longwall, Valtra, Venieri, Versatile, Vimek, Volvo, Wacker Neuson, Weidemann, Winget, Wirtgen, Xcmg, Xtreme, Yale, Ycm, Yto, Zetor<\/p>\n<p><a title=\"CARRARO parts\" href=\"http:\/\/www.entra.ee\/files\/CARRparts.csv\" target=\"_blank\">CARRARO varuosade nemekiri on SIIN.<\/a><\/p>\n<p style=\"text-align: center;\">Rohkem informatsiooni\u00a0saab\u00a0<a title=\"CARRARO BALTIC\" href=\"http:\/\/www.carraro.ee\/index\" target=\"_blank\">SIIN<\/a>.<br \/>\n<a href=\"https:\/\/web.entra.ee\/wp-content\/uploads\/2013\/06\/targa-SP-entra-2.png\"><img decoding=\"async\" loading=\"lazy\" class=\"aligncenter size-full wp-image-760 noborder\" alt=\"targa-SP-entra 2\" src=\"https:\/\/web.entra.ee\/wp-content\/uploads\/2013\/06\/targa-SP-entra-2.png\" width=\"600\" height=\"158\" \/><\/a><\/p>\n","protected":false},"excerpt":{"rendered":"<p>CARRARO on rahvusvaheline kontsern, mis on juhtiv k\u00f5rgtehnoloogiliste ja keskkonnas\u00e4\u00e4stlike \u00fclekandes\u00fcsteemide tootja. CARRARO\u00a0 tootmisettev\u00f5tted asuvad Itaalias, Indias, Argentiinas, Hiinas, Saksamaal ja Ameerika \u00dchendriikides. ENTRA GRUPP on CARRARO DRIVETECH ametlik edasim\u00fc\u00fcja alates 2004. aastast. Meie tegutsemispiirkonnaks on Eesti, L\u00e4ti, Leedu, Valgevene ja Venemaa. Meil on CARRARO toodanguga pikaajaline\u00a0 t\u00f6\u00f6kogemus, oleme kiired ja paindlikud. Pealadu asub Tallinnas, mis on \u00fcks suurimaid ELis. Meie t\u00f6\u00f6tajad on saanud v\u00e4lja\u00f5ppe CARRARO tehases. Meie kliendid hindavad k\u00f5rgetasemelist teenindust, mida pakub meie firma. CARRARO toodangut kasutatakse j\u00e4rgmistel&#8230;<\/p>\n<p><a href=\"https:\/\/web.entra.ee\/et\/carraro-4\/\" class=\"more-link\">Loe edasi<\/a><\/p>\n","protected":false},"author":1,"featured_media":0,"parent":0,"menu_order":0,"comment_status":"closed","ping_status":"closed","template":"","meta":[],"acf":[],"_links":{"self":[{"href":"https:\/\/web.entra.ee\/et\/wp-json\/wp\/v2\/pages\/512"}],"collection":[{"href":"https:\/\/web.entra.ee\/et\/wp-json\/wp\/v2\/pages"}],"about":[{"href":"https:\/\/web.entra.ee\/et\/wp-json\/wp\/v2\/types\/page"}],"author":[{"embeddable":true,"href":"https:\/\/web.entra.ee\/et\/wp-json\/wp\/v2\/users\/1"}],"replies":[{"embeddable":true,"href":"https:\/\/web.entra.ee\/et\/wp-json\/wp\/v2\/comments?post=512"}],"version-history":[{"count":19,"href":"https:\/\/web.entra.ee\/et\/wp-json\/wp\/v2\/pages\/512\/revisions"}],"predecessor-version":[{"id":1135,"href":"https:\/\/web.entra.ee\/et\/wp-json\/wp\/v2\/pages\/512\/revisions\/1135"}],"wp:attachment":[{"href":"https:\/\/web.entra.ee\/et\/wp-json\/wp\/v2\/media?parent=512"}],"curies":[{"name":"wp","href":"https:\/\/api.w.org\/{rel}","templated":true}]}}