{"id":193,"date":"2013-04-08T12:29:06","date_gmt":"2013-04-08T09:29:06","guid":{"rendered":"https:\/\/web.entra.ee\/?page_id=193"},"modified":"2025-11-13T13:51:17","modified_gmt":"2025-11-13T11:51:17","slug":"firmast","status":"publish","type":"page","link":"https:\/\/web.entra.ee\/et\/esileht\/firmast\/","title":{"rendered":"Firmast"},"content":{"rendered":"<p>Firma ENTRA GRUPP O\u00dc tegutseb Eesti turul aastast 2001. Algusaastal tegeles firma transporditeenuste pakkumisega Eestis, kuid alates aastast 2002 kujunes p\u00f5hitegevuseks raskeehitustehnika varuosade ja lisavarustuse m\u00fc\u00fck, hiljem ka hoolduse ja remonditeenuse pakkumine \u00fcle Eesti. Omame h\u00e4sti koolitatud pikaajalise t\u00f6\u00f6kogemusega teenindavat personali ehitusmasinate remondi valdkonnas.<\/p>\n<p>&#8211; Alates 2001 aastast meie esindame Baltikumis inglise firmat INTERPART, mis tarnib\u00a0 alternatiivseid varuosi JCB-s toodetud ehitusmasinate jaoks.<\/p>\n<p>&#8211; Aastast 2004\u00a0kuni 2010 esindasime Eestis Itaalia firmat DIECI.\u00a0 See on suur teleskooplaadurite tootja P\u00f5hja- Itaalias.<\/p>\n<p>ENTRA GRUPP O\u00dc on \u00a0loonud head suhted erinevate varuosade tootjatega ja meist on saanud nende esindajad Eestis, L\u00e4tis Leedus ja Venemaal. Itaalia firmat CARRARO meie esindame 2005. aastast ja DANA- SPICER aastast 2011.<\/p>\n<p>&#8211; 2012. aasta algusest ENTRA GRUPP \u00a0O\u00dc esindab Baltikumis ja Soomes T\u00fcrgi ehitusmasinate suurtootjat SANKO MST. Oleme m\u00fc\u00fcnud laadurekskavaatorid nii Eestis kui Soomes.<\/p>\n<p>2022. aastal l\u00f5petasime sanktsioonide t\u00f5ttu koost\u00f6\u00f6 k\u00f5igi Venemaa klientidega ning hetkel ei esinda me Venemaal \u00fchtegi kaubam\u00e4rki ega toodet. Kuid arendame pidevalt uusi turge L\u00e4his-Idas, Aasias ja Aafrikas, t\u00e4nu millele meie kliendibaas pidevalt kasvab ja me muutume veelgi tugevamaks.<\/p>\n<p>Eestis peamised kaubam\u00e4rgid mida esindame on INTERPART, CARRARO, DANA-SPICER, SANKO MST.<\/p>\n<p>Meie eesm\u00e4rk on pakkuda klientidele kiiret ja kvaliteetset lahendust ehitustehnika soetamisel, hoolduses ja remondis.<\/p>\n<p><a href=\"https:\/\/www.e-krediidiinfo.ee\/10784578-ENTRA%20GRUPP%20O%C3%9C\" target=\"_blank\" rel=\"noopener\">ENTRA GRUPP O\u00dc<\/a><br \/>\nOmakapital 40000 euro<br \/>\nAsutamise kuup\u00e4ev: 05.06.2001.<br \/>\nAadress: Magasini 31, 10138 Tallinn Eesti<br \/>\nTel.: +372 6443345<br \/>\nFax: +372 6450090<br \/>\ne-mail: <a href=\"mailto:entra@entra.ee\">entra@entra.ee<\/a><br \/>\n<a href=\"http:\/\/www.entra.ee\">www.entra.ee<\/a><\/p>\n","protected":false},"excerpt":{"rendered":"<p>Firma ENTRA GRUPP O\u00dc tegutseb Eesti turul aastast 2001. Algusaastal tegeles firma transporditeenuste pakkumisega Eestis, kuid alates aastast 2002 kujunes p\u00f5hitegevuseks raskeehitustehnika varuosade ja lisavarustuse m\u00fc\u00fck, hiljem ka hoolduse ja remonditeenuse pakkumine \u00fcle Eesti. Omame h\u00e4sti koolitatud pikaajalise t\u00f6\u00f6kogemusega teenindavat personali ehitusmasinate remondi valdkonnas. &#8211; Alates 2001 aastast meie esindame Baltikumis inglise firmat INTERPART, mis tarnib\u00a0 alternatiivseid varuosi JCB-s toodetud ehitusmasinate jaoks. &#8211; Aastast 2004\u00a0kuni 2010 esindasime Eestis Itaalia firmat DIECI.\u00a0 See on suur teleskooplaadurite tootja P\u00f5hja- Itaalias. ENTRA GRUPP&#8230;<\/p>\n<p><a href=\"https:\/\/web.entra.ee\/et\/esileht\/firmast\/\" class=\"more-link\">Loe edasi<\/a><\/p>\n","protected":false},"author":1,"featured_media":0,"parent":473,"menu_order":0,"comment_status":"closed","ping_status":"closed","template":"","meta":[],"acf":[],"_links":{"self":[{"href":"https:\/\/web.entra.ee\/et\/wp-json\/wp\/v2\/pages\/193"}],"collection":[{"href":"https:\/\/web.entra.ee\/et\/wp-json\/wp\/v2\/pages"}],"about":[{"href":"https:\/\/web.entra.ee\/et\/wp-json\/wp\/v2\/types\/page"}],"author":[{"embeddable":true,"href":"https:\/\/web.entra.ee\/et\/wp-json\/wp\/v2\/users\/1"}],"replies":[{"embeddable":true,"href":"https:\/\/web.entra.ee\/et\/wp-json\/wp\/v2\/comments?post=193"}],"version-history":[{"count":6,"href":"https:\/\/web.entra.ee\/et\/wp-json\/wp\/v2\/pages\/193\/revisions"}],"predecessor-version":[{"id":1453,"href":"https:\/\/web.entra.ee\/et\/wp-json\/wp\/v2\/pages\/193\/revisions\/1453"}],"up":[{"embeddable":true,"href":"https:\/\/web.entra.ee\/et\/wp-json\/wp\/v2\/pages\/473"}],"wp:attachment":[{"href":"https:\/\/web.entra.ee\/et\/wp-json\/wp\/v2\/media?parent=193"}],"curies":[{"name":"wp","href":"https:\/\/api.w.org\/{rel}","templated":true}]}}